{"id":571,"date":"2021-11-28T13:04:15","date_gmt":"2021-11-28T16:04:15","guid":{"rendered":"https:\/\/www.tricks.com.br\/blog\/?page_id=571"},"modified":"2021-11-28T13:26:27","modified_gmt":"2021-11-28T16:26:27","slug":"updates","status":"publish","type":"page","link":"https:\/\/www.tricks.com.br\/blog\/updates\/","title":{"rendered":"Atualiza\u00e7\u00f5es da Tricks &#8211; Guia Radical"},"content":{"rendered":"\n<h2>11\/2021 <\/h2>\n\n\n\n<h3>Novo layout da Tricks Web<\/h3>\n\n\n\n<p>Tricks ganha um novo layout, mais moderno e responsivo para os dispositivos m\u00f3veis. Com isso passa a atender melhor na usabilidade e navega\u00e7\u00e3o do dia a dia.<\/p>\n\n\n\n<h2>10\/2021<\/h2>\n\n\n\n<h3>Descontinua\u00e7\u00e3o do aplicativo Android<\/h3>\n\n\n\n<p>O aplicativo Android foi descontinuado e n\u00e3o receber\u00e1 mais manuten\u00e7\u00e3o.<\/p>\n\n\n\n<h3>Comunica\u00e7\u00e3o por e-mail<\/h3>\n\n\n\n<p>Al\u00e9m da vers\u00e3o web, voc\u00ea tamb\u00e9m pode registar seu e-mail para novidades e receber conte\u00fados in\u00e9ditos do blog Tricks.<\/p>\n\n\n\n<h2>11\/2020<\/h2>\n\n\n\n<h3>Blog ganha for\u00e7a e come\u00e7ar a ter conte\u00fados incr\u00edveis<\/h3>\n\n\n\n<p>Visando atender a boas pr\u00e1ticas de conserva\u00e7\u00e3o, estilo e divulga\u00e7\u00e3o dos esportes radicais, a Tricks ganha for\u00e7a no blog e come\u00e7a a ter conte\u00fados semanais.<\/p>\n\n\n\n<h2>05\/2016<\/h2>\n\n\n\n<h3>Coment\u00e1rios habilitados para todos os picos<\/h3>\n\n\n\n<p>Agora o aplicativo Tricks para Android e vers\u00e3o Web multiplataforma contam com mais um recurso para a galera do skate, para interagir e mantermos a comunidade radical atualizada.<\/p>\n\n\n\n<p>Todos os picos e skateparks agora permitem que um usu\u00e1rio registrado possa comentar e responder coment\u00e1rios de seus companheiros.<\/p>\n\n\n\n<p>Tente agora!<\/p>\n\n\n\n<h2>04\/2016<\/h2>\n\n\n\n<h3>SkateGap se torna Tricks.com.br e ganha sua primeira vers\u00e3o para Android<\/h3>\n\n\n\n<p>Est\u00e1 no ar a partir do dia 27 de abril de 2016, um aplicativo revolucion\u00e1rio que tem como foco descobrir pistas de skate, escadarias, morros para downhill, corrim\u00f5es e tudo que voc\u00ea possa utilizar para radicalizar com suas manobras, seja elas no skate, patins ou bike.<\/p>\n\n\n\n<p>Agora voc\u00ea j\u00e1 pode fazer o download atrav\u00e9s da Google Play clicando aqui.<\/p>\n\n\n\n<p><\/p>\n","protected":false},"excerpt":{"rendered":"<p>11\/2021 Novo layout da Tricks Web Tricks ganha um novo layout, mais moderno e responsivo<\/p>\n","protected":false},"author":1,"featured_media":0,"parent":0,"menu_order":0,"comment_status":"closed","ping_status":"closed","template":"","meta":[],"amp_enabled":true,"_links":{"self":[{"href":"https:\/\/www.tricks.com.br\/blog\/wp-json\/wp\/v2\/pages\/571"}],"collection":[{"href":"https:\/\/www.tricks.com.br\/blog\/wp-json\/wp\/v2\/pages"}],"about":[{"href":"https:\/\/www.tricks.com.br\/blog\/wp-json\/wp\/v2\/types\/page"}],"author":[{"embeddable":true,"href":"https:\/\/www.tricks.com.br\/blog\/wp-json\/wp\/v2\/users\/1"}],"replies":[{"embeddable":true,"href":"https:\/\/www.tricks.com.br\/blog\/wp-json\/wp\/v2\/comments?post=571"}],"version-history":[{"count":2,"href":"https:\/\/www.tricks.com.br\/blog\/wp-json\/wp\/v2\/pages\/571\/revisions"}],"predecessor-version":[{"id":575,"href":"https:\/\/www.tricks.com.br\/blog\/wp-json\/wp\/v2\/pages\/571\/revisions\/575"}],"wp:attachment":[{"href":"https:\/\/www.tricks.com.br\/blog\/wp-json\/wp\/v2\/media?parent=571"}],"curies":[{"name":"wp","href":"https:\/\/api.w.org\/{rel}","templated":true}]}}