{"id":408,"date":"2021-07-28T07:43:58","date_gmt":"2021-07-28T10:43:58","guid":{"rendered":"https:\/\/www.tricks.com.br\/blog\/?page_id=408"},"modified":"2025-06-08T11:55:17","modified_gmt":"2025-06-08T14:55:17","slug":"politica-de-privacidade","status":"publish","type":"page","link":"https:\/\/www.tricks.com.br\/blog\/politica-de-privacidade\/","title":{"rendered":"Pol\u00edtica de privacidade"},"content":{"rendered":"\n<p>Atualizado em 24\/10\/2020.<\/p>\n\n\n\n<h2>Termos de servi\u00e7os e pol\u00edtica de privacidade<\/h2>\n\n\n\n<h3>Quem somos<\/h3>\n\n\n\n<p>Tricks \u00e9 um portal de conte\u00fado voltado para esportes radicais e indica\u00e7\u00f5es de locais esportivos de forma colaborativa entre os usu\u00e1rios, onde cada usu\u00e1rio tem sua pr\u00f3pria responsabilidade nos conte\u00fados e informa\u00e7\u00f5es postadas.<\/p>\n\n\n\n<p>Todos endere\u00e7os e p\u00e1ginas da Tricks s\u00e3o de origem destes dom\u00ednios:<\/p>\n\n\n\n<ul><li>tricks.com.br<\/li><\/ul>\n\n\n\n<p>Estes dom\u00ednios fazem parte do projeto pessoal gerado pra desenvolver e agregar valor para sociedade de forma simples e sustent\u00e1vel.<\/p>\n\n\n\n<p>Atrav\u00e9s deles \u00e9 poss\u00edvel trabalhar o conhecimento em troca de an\u00fancios para ajudar a manter as plataformas e fornecer contatos para contrata\u00e7\u00e3o de consultorias e servi\u00e7os de marketing.<\/p>\n\n\n\n<h2>Concord\u00e2ncia dos Termos<\/h2>\n\n\n\n<p>Ao acessar estes endere\u00e7os eletr\u00f4nicos, nossos aplicativos m\u00f3veis e nossas outras p\u00e1ginas online (coletivamente, a \u201cPlataforma\u201d), voc\u00ea concorda em estar vinculado aos Termos de Uso (\u201cTermos\u201d), \u00e0 Pol\u00edtica de Privacidade e \u00e0 Pol\u00edtica de Direitos Autorais e Propriedade Intelectual, aos respectivos contratos de cada servi\u00e7o, bem como de todas as disposi\u00e7\u00f5es legais aplic\u00e1veis \u00e0 esp\u00e9cie.&nbsp;Caso voc\u00ea n\u00e3o concorde com estes Termos, n\u00e3o realize seu cadastro nem acesse, visualize, baixe ou utilize, de qualquer forma, nenhuma p\u00e1gina, conte\u00fado, informa\u00e7\u00e3o ou servi\u00e7o fornecido neste endere\u00e7os.<\/p>\n\n\n\n<h3>Quais dados pessoais coletamos e porque<\/h3>\n\n\n\n<p>Toda ou qualquer intera\u00e7\u00e3o do site \u00e9 feita pelo usu\u00e1rio. Onde n\u00e3o h\u00e1 nenhuma obriga\u00e7\u00e3o de participar, acessar ou inserir seus dados. Mas caso seja feita, cuidaremos deles e n\u00e3o o divulgaremos.<\/p>\n\n\n\n<p>Usamos cookies e tecnologias similares para ajudar a entregar, otimizar, personalizar e analisar nossos servi\u00e7os e por motivos de publicidade.<\/p>\n\n\n\n<h4>Coment\u00e1rios<\/h4>\n\n\n\n<p>Quando os visitantes deixam coment\u00e1rios no site, coletamos os dados mostrados no formul\u00e1rio de coment\u00e1rios, al\u00e9m do endere\u00e7o de IP e de dados do navegador do visitante, para auxiliar na detec\u00e7\u00e3o de spam.<\/p>\n\n\n\n<p>Todas as a\u00e7\u00f5es de coment\u00e1rios nos dar a liberdade de poder expor o que foi dito e usar como marketing em qualquer outro meio sem aviso pr\u00e9vio.<\/p>\n\n\n\n<p>Uma sequ\u00eancia anonimizada de caracteres criada a partir do seu e-mail (tamb\u00e9m chamada de hash) poder\u00e1 ser enviada para o Gravatar para verificar se voc\u00ea usa o servi\u00e7o. A pol\u00edtica de privacidade do Gravatar est\u00e1 dispon\u00edvel aqui: https:\/\/automattic.com\/privacy\/. Depois da aprova\u00e7\u00e3o do seu coment\u00e1rio, a foto do seu perfil fica vis\u00edvel publicamente junto de seu coment\u00e1rio.<\/p>\n\n\n\n<p>Coment\u00e1rios feitos atrav\u00e9s do Disqus, ser\u00e3o monitoradas e ser\u00e3o apagadas se tratrem com desrespeito algum usu\u00e1rio, assim como os coment\u00e1rios do Facebook.<\/p>\n\n\n\n<h4>Formul\u00e1rios de contato<\/h4>\n\n\n\n<p>Todos&nbsp; os dados preenchidos s\u00e3o coletados para efetuar a a\u00e7\u00e3o de contato e n\u00e3o exibidos a ningu\u00e9m externo da administra\u00e7\u00e3o tricks.com.br.<\/p>\n\n\n\n<h4>Cookies<\/h4>\n\n\n\n<p>Ao deixar um coment\u00e1rio no site, voc\u00ea poder\u00e1 optar por salvar seu nome, e-mail e site nos cookies. Isso visa seu conforto, assim voc\u00ea n\u00e3o precisar\u00e1 preencher seus dados novamente quando fizer outro coment\u00e1rio. Estes cookies duram um ano.<\/p>\n\n\n\n<p>Se voc\u00ea tem uma conta e acessa este site, um cookie tempor\u00e1rio ser\u00e1 criado para determinar se seu navegador aceita cookies. Ele n\u00e3o cont\u00e9m nenhum dado pessoal e ser\u00e1 descartado quando voc\u00ea fechar seu navegador.<\/p>\n\n\n\n<p>Quando voc\u00ea acessa sua conta no site, tamb\u00e9m criamos v\u00e1rios cookies para salvar os dados da sua conta e suas escolhas de exibi\u00e7\u00e3o de tela. Cookies de login s\u00e3o mantidos por dois dias e cookies de op\u00e7\u00f5es de tela por um ano. Se voc\u00ea selecionar \u201cLembrar-me\u201d, seu acesso ser\u00e1 mantido por duas semanas. Se voc\u00ea se desconectar da sua conta, os cookies de login ser\u00e3o removidos.<\/p>\n\n\n\n<p>Se voc\u00ea editar ou publicar um artigo, um cookie adicional ser\u00e1 salvo no seu navegador. Este cookie n\u00e3o inclui nenhum dado pessoal e simplesmente indica o ID do post referente ao artigo que voc\u00ea acabou de editar. Ele expira depois de 1 dia.<\/p>\n\n\n\n<h4>Propagandas e M\u00eddia incorporada de outros sites<\/h4>\n\n\n\n<p>Artigos neste site podem incluir conte\u00fado incorporado como, por exemplo, v\u00eddeos, imagens, artigos, etc. Conte\u00fados incorporados de outros sites se comportam exatamente da mesma forma como se o visitante estivesse visitando o outro site.<\/p>\n\n\n\n<p>Estes sites podem coletar dados sobre voc\u00ea, usar cookies, incorporar rastreamento adicionar de terceiros e monitorar sua intera\u00e7\u00e3o com este conte\u00fado incorporado, incluindo sua intera\u00e7\u00e3o com o conte\u00fado incorporado se voc\u00ea tem uma conta e est\u00e1 conectado com o site.<\/p>\n\n\n\n<h4>Pol\u00edtica de privacidade<\/h4>\n\n\n\n<p>Todas as suas informa\u00e7\u00f5es pessoais recolhidas, ser\u00e3o usadas para o ajudar a tornar a sua visita no nosso site o mais produtiva e agrad\u00e1vel poss\u00edvel.<\/p>\n\n\n\n<p>A garantia da confidencialidade dos dados pessoais dos utilizadores do nosso site \u00e9 importante para o dom\u00ednio tricks.com.br.<\/p>\n\n\n\n<p>Todas as informa\u00e7\u00f5es pessoais relativas a membros, assinantes, clientes ou visitantes que usem o dom\u00ednio tricks.com.br ser\u00e3o tratadas em concord\u00e2ncia com a Lei da Prote\u00e7\u00e3o de Dados Pessoais de 26 de outubro de 1998 (Lei n.\u00ba 67\/98).<\/p>\n\n\n\n<p>A informa\u00e7\u00e3o pessoal recolhida pode incluir o seu nome, e-mail, n\u00famero de telefone e\/ou telem\u00f3vel, morada, data de nascimento e\/ou outros.<\/p>\n\n\n\n<p>O uso do dom\u00ednio tricks.com.br pressup\u00f5e a aceita\u00e7\u00e3o deste Acordo de privacidade. A equipe da Tricks reserva-se ao direito de alterar este acordo sem aviso pr\u00e9vio. Deste modo, recomendamos que consulte a nossa pol\u00edtica de privacidade com regularidade de forma a estar sempre atualizado.<\/p>\n\n\n\n<h4>Os an\u00fancios<\/h4>\n\n\n\n<p>Tal como outros websites, coletamos e utilizamos informa\u00e7\u00e3o contida nos an\u00fancios. A informa\u00e7\u00e3o contida nos an\u00fancios, inclui o seu endere\u00e7o IP (Internet Protocol), o seu ISP (Internet Service Provider, como o Sapo, Clix, ou outro), o browser que utilizou ao visitar o nosso website (como o Internet Explorer ou o Firefox), o tempo da sua visita e que p\u00e1ginas visitou dentro do nosso website.<\/p>\n\n\n\n<h4>Cookie DoubleClick Dart<\/h4>\n\n\n\n<p>O Google, como fornecedor de terceiros, utiliza cookies para exibir an\u00fancios no nosso website;<\/p>\n\n\n\n<p>Com o cookie DART, o Google pode exibir an\u00fancios com base nas visitas que o leitor fez a outros websites na Internet;<\/p>\n\n\n\n<p>Os utilizadores podem desativar o cookie DART visitando a Pol\u00edtica de privacidade da rede de conte\u00fado e dos an\u00fancios do Google.<\/p>\n\n\n\n<h4>Os Cookies e Web Beacons<\/h4>\n\n\n\n<p>Utilizamos cookies para armazenar informa\u00e7\u00e3o, tais como as suas prefer\u00eancias pessoas quando visita o nosso website. Isto poder\u00e1 incluir um simples popup, ou uma liga\u00e7\u00e3o em v\u00e1rios servi\u00e7os que providenciamos, tais como f\u00f3runs.<\/p>\n\n\n\n<p>Em adi\u00e7\u00e3o tamb\u00e9m utilizamos publicidade de terceiros no nosso website para suportar os custos de manuten\u00e7\u00e3o. Alguns destes publicit\u00e1rios, poder\u00e3o utilizar tecnologias como os cookies e\/ou web beacons quando publicitam no nosso website, o que far\u00e1 com que esses publicit\u00e1rios (como o Google atrav\u00e9s do Google AdSense) tamb\u00e9m recebam a sua informa\u00e7\u00e3o pessoal, como o endere\u00e7o IP, o seu ISP, o seu browser, etc.<\/p>\n\n\n\n<p>Esta fun\u00e7\u00e3o \u00e9 geralmente utilizada para geotargeting (mostrar publicidade de Lisboa apenas aos leitores oriundos de Lisboa por ex.) ou apresentar publicidade direcionada a um tipo de utilizador (como mostrar publicidade de restaurante a um utilizador que visita sites de culin\u00e1ria regularmente, por ex.).<\/p>\n\n\n\n<p>Voc\u00ea det\u00e9m o poder de desligar os seus cookies, nas op\u00e7\u00f5es do seu browser, ou efetuando altera\u00e7\u00f5es nas ferramentas de programas Anti-Virus, como o Norton Internet Security. No entanto, isso poder\u00e1 alterar a forma como interage com o nosso website, ou outros websites. Isso poder\u00e1 afetar ou n\u00e3o permitir que fa\u00e7a logins em programas, sites ou f\u00f3runs da nossa e de outras redes.<\/p>\n\n\n\n<h4>Liga\u00e7\u00f5es a Sites de terceiros<\/h4>\n\n\n\n<p>O dom\u00ednio tricks.com.br&nbsp;possui liga\u00e7\u00f5es para outros sites, os quais, a nosso ver, podem conter informa\u00e7\u00f5es \/ ferramentas \u00fateis para os nossos visitantes. A nossa pol\u00edtica de privacidade n\u00e3o \u00e9 aplicada a sites de terceiros, pelo que, caso visite outro site a partir do nosso dever\u00e1 ler a politica de privacidade do mesmo.<\/p>\n\n\n\n<p>N\u00e3o nos responsabilizamos pela pol\u00edtica de privacidade ou conte\u00fado presente nesses mesmos sites.<\/p>\n\n\n\n<h2>Com quem partilhamos seus dados<\/h2>\n\n\n\n<p>Seus dados s\u00e3o armazenados e utilizados por ferramentas de marketing, de parceiros e publicidades a seguir:<\/p>\n\n\n\n<ul><li>Google Analytics<\/li><li>Google Adsense<\/li><li>Facebook<\/li><li>LinkedIn<\/li><li>Hubspot<\/li><li>KingHost<\/li><\/ul>\n\n\n\n<h3>Por quanto tempo mantemos os seus dados<\/h3>\n\n\n\n<p>N\u00e3o h\u00e1 limita\u00e7\u00e3o de tempo para seus dados permanecerem em nossa base. Caso seja do interesse, poder\u00e1 solicitar o cancelamento e exclus\u00e3o dos seus dados pessoais.<\/p>\n\n\n\n<p>Se voc\u00ea deixar um coment\u00e1rio, o coment\u00e1rio e os seus metadados s\u00e3o conservados indefinidamente. Fazemos isso para que seja poss\u00edvel reconhecer e aprovar automaticamente qualquer coment\u00e1rio posterior ao inv\u00e9s de ret\u00ea-lo para modera\u00e7\u00e3o.<\/p>\n\n\n\n<p>Para usu\u00e1rios que se registram no nosso site (se houver), tamb\u00e9m guardamos as informa\u00e7\u00f5es pessoais que fornecem no seu perfil de usu\u00e1rio. Todos os usu\u00e1rios podem ver, editar ou excluir suas informa\u00e7\u00f5es pessoais a qualquer momento (s\u00f3 n\u00e3o \u00e9 poss\u00edvel alterar o seu username). Os administradores de sites tamb\u00e9m podem ver e editar estas informa\u00e7\u00f5es.<\/p>\n\n\n\n<h3>Quais os seus direitos sobre seus dados<\/h3>\n\n\n\n<p>Se voc\u00ea tiver uma conta neste site ou se tiver deixado coment\u00e1rios, pode solicitar um arquivo exportado dos dados pessoais que mantemos sobre voc\u00ea, inclusive quaisquer dados que nos tenha fornecido. Tamb\u00e9m pode solicitar que removamos qualquer dado pessoal que mantemos sobre voc\u00ea. Isto n\u00e3o inclui nenhuns dados que somos obrigados a manter para prop\u00f3sitos administrativos, legais ou de seguran\u00e7a.<\/p>\n\n\n\n<h3>Quais informa\u00e7\u00f5es s\u00e3o coletadas para cria\u00e7\u00e3o de conta?<\/h3>\n\n\n\n<p>Para cadastro em nossos Sites e Blog, e comunica\u00e7\u00f5es recorrentes, devem ser informados:<\/p>\n\n\n\n<ul><li>Nome<\/li><li>E-mail<\/li><li>Telefone<\/li><li>Cidade<\/li><li>Estado<\/li><li>Genero<\/li><li>Endere\u00e7o de IP<\/li><\/ul>\n\n\n\n<h3>Informa\u00e7\u00f5es adicionais<\/h3>\n\n\n\n<h4>Como protegemos seus dados<\/h4>\n\n\n\n<p>Todos os dados est\u00e3o salvos em bases de dados seguras e criptografadas.<\/p>\n\n\n\n<h4>Quais s\u00e3o nossos procedimentos contra viola\u00e7\u00e3o de dados<\/h4>\n\n\n\n<p>N\u00e3o fornecemos acessos \u00e0 terceiros a base de dados e procuramos est\u00e1 sempre atualizados quanto \u00e0 novas tecnologias visando a seguran\u00e7a de dados.<\/p>\n\n\n\n<h4>De quais terceiros n\u00f3s recebemos dados.<\/h4>\n\n\n\n<p>Utilizamos servi\u00e7os da Google para marketing, Hubspot, Mailchimp, Kinghost e WordPress para gerenciar as plataformas.<\/p>\n\n\n\n<h4>Quais tomadas de decis\u00e3o ou an\u00e1lises de perfil automatizadas fazemos com os dados de usu\u00e1rios<\/h4>\n\n\n\n<p>Para coment\u00e1rios, apenas o coment\u00e1rio e a p\u00e1gina em que foi comentada para melhor experi\u00eancia dos visitantes.<\/p>\n\n\n\n<p>Para perfis fakes, usu\u00e1rios automatizados ou qualquer um que se assemelha \u00e0 estes tomaresmo medidas para desabilitar ou excluir sem consulta.<\/p>\n\n\n\n<p>Podemos e iremos realizar a\u00e7\u00f5es de marketing para os dom\u00ednios citados acima sempre que for interessante houver interesse ou que comprado espa\u00e7os atrav\u00e9s de parcerias.<\/p>\n\n\n\n<p>Caso n\u00e3o queira receber estas a\u00e7\u00f5es poder\u00e1 pedir para se retirar e n\u00e3o fazer parte mais dos dados coletados para marketing.<\/p>\n\n\n\n<h3>Informa\u00e7\u00f5es de contato<\/h3>\n\n\n\n<p>Caso sinta a necessidade poder\u00e1 entrar com contato com suporte@tricks.com.br.<\/p>\n","protected":false},"excerpt":{"rendered":"<p>Atualizado em 24\/10\/2020. Termos de servi\u00e7os e pol\u00edtica de privacidade Quem somos Tricks \u00e9 um<\/p>\n","protected":false},"author":1,"featured_media":0,"parent":0,"menu_order":0,"comment_status":"closed","ping_status":"closed","template":"","meta":[],"amp_enabled":true,"_links":{"self":[{"href":"https:\/\/www.tricks.com.br\/blog\/wp-json\/wp\/v2\/pages\/408"}],"collection":[{"href":"https:\/\/www.tricks.com.br\/blog\/wp-json\/wp\/v2\/pages"}],"about":[{"href":"https:\/\/www.tricks.com.br\/blog\/wp-json\/wp\/v2\/types\/page"}],"author":[{"embeddable":true,"href":"https:\/\/www.tricks.com.br\/blog\/wp-json\/wp\/v2\/users\/1"}],"replies":[{"embeddable":true,"href":"https:\/\/www.tricks.com.br\/blog\/wp-json\/wp\/v2\/comments?post=408"}],"version-history":[{"count":3,"href":"https:\/\/www.tricks.com.br\/blog\/wp-json\/wp\/v2\/pages\/408\/revisions"}],"predecessor-version":[{"id":1521,"href":"https:\/\/www.tricks.com.br\/blog\/wp-json\/wp\/v2\/pages\/408\/revisions\/1521"}],"wp:attachment":[{"href":"https:\/\/www.tricks.com.br\/blog\/wp-json\/wp\/v2\/media?parent=408"}],"curies":[{"name":"wp","href":"https:\/\/api.w.org\/{rel}","templated":true}]}}