{"id":166,"date":"2020-11-05T13:01:43","date_gmt":"2020-11-05T16:01:43","guid":{"rendered":"https:\/\/www.tricks.com.br\/blog\/?page_id=166"},"modified":"2021-11-13T18:41:25","modified_gmt":"2021-11-13T21:41:25","slug":"sobre","status":"publish","type":"page","link":"https:\/\/www.tricks.com.br\/blog\/sobre\/","title":{"rendered":"Sobre a Tricks &#8211; Guia Radical"},"content":{"rendered":"\n<p>O <a href=\"https:\/\/www.tricks.com.br\/\">Aplicativo Tricks &#8211; Guia Radical<\/a> foi criado pelo F\u00e1bio, amante do skate, longboard e outras modalidades radicais com a vis\u00e3o de ajudar a comunidade do skate, patins e bikers, que tem como necessidade padr\u00e3o buscar locais para se praticar seu esporte favorito.<\/p>\n\n\n\n<p>Teve seu nome baseado em manobras (Tricks), pois tem como base a pr\u00e1tica de esportes radicais assim representando bem seu objetivo e p\u00fablico.<\/p>\n\n\n\n<p>Foi criado com a necessidade de encontrar lugares novos para praticar seu esporte, tendo como ponto forte, os usu\u00e1rios do aplicatio que est\u00e3o em viagem conseguir encontrar mais facilmente os picos para se praticar sua atividade f\u00edsica.<\/p>\n\n\n\n<p>S\u00e3o considerados picos, desde uma ladeira para galera do downhill, como uma ciclovia para quem gosta de pedalar ao ar puro ou seguir ouvindo uma m\u00fasica com um longboard. Alguns ser\u00e3o mais radicais e poder\u00e3o utilizar o corrim\u00e3o de uma loja ou uma escadaria do banco.<\/p>\n\n\n\n<p>A utiliza\u00e7\u00e3o do aplicativo consiste em um cadastro simples atrav\u00e9s do site. Com este App voc\u00ea tamb\u00e9m pode localizar os lugares mais pr\u00f3ximos de onde est\u00e1 e sugerir novos skateparks, lojas e obst\u00e1culos para a comunidade esportiva.<\/p>\n\n\n\n<p>\u00c9 totalmente gratuito podendo ser acessado de qualquer lugar.<\/p>\n\n\n\n<p>Continue nos acompanhando!<\/p>\n\n\n\n<h2>Links oficiais<\/h2>\n\n\n\n<ul><li>Site oficial:\u00a0<a href=\"https:\/\/www.tricks.com.br\/\" target=\"_blank\" rel=\"noreferrer noopener\">https:\/\/www.tricks.com.br<\/a><\/li><li>Blog:\u00a0<a href=\"https:\/\/www.tricks.com.br\/blog\/\" target=\"_blank\" rel=\"noreferrer noopener\">https:\/\/www.tricks.com.br\/blog\/<\/a><\/li><li>Instagram:\u00a0<a href=\"https:\/\/www.instagram.com\/tricksapp\/\" target=\"_blank\" rel=\"noreferrer noopener\">https:\/\/www.instagram.com\/tricksapp\/<\/a><\/li><li>Facebook:\u00a0<a href=\"https:\/\/www.facebook.com\/gotricks\/\" target=\"_blank\" rel=\"noreferrer noopener\">https:\/\/www.facebook.com\/gotricks\/<\/a><\/li><li>Twitter: <a href=\"https:\/\/twitter.com\/tricks_brasil\" target=\"_blank\" rel=\"noreferrer noopener\">https:\/\/twitter.com\/tricks_brasil<\/a><\/li><li>LinkedIn: <a href=\"https:\/\/www.linkedin.com\/company\/tricks-app\" target=\"_blank\" rel=\"noreferrer noopener\">https:\/\/www.linkedin.com\/company\/tricks-app<\/a><\/li><\/ul>\n","protected":false},"excerpt":{"rendered":"<p>O Aplicativo Tricks &#8211; Guia Radical foi criado pelo F\u00e1bio, amante do skate, longboard e<\/p>\n","protected":false},"author":1,"featured_media":0,"parent":0,"menu_order":0,"comment_status":"closed","ping_status":"closed","template":"","meta":[],"amp_enabled":true,"_links":{"self":[{"href":"https:\/\/www.tricks.com.br\/blog\/wp-json\/wp\/v2\/pages\/166"}],"collection":[{"href":"https:\/\/www.tricks.com.br\/blog\/wp-json\/wp\/v2\/pages"}],"about":[{"href":"https:\/\/www.tricks.com.br\/blog\/wp-json\/wp\/v2\/types\/page"}],"author":[{"embeddable":true,"href":"https:\/\/www.tricks.com.br\/blog\/wp-json\/wp\/v2\/users\/1"}],"replies":[{"embeddable":true,"href":"https:\/\/www.tricks.com.br\/blog\/wp-json\/wp\/v2\/comments?post=166"}],"version-history":[{"count":3,"href":"https:\/\/www.tricks.com.br\/blog\/wp-json\/wp\/v2\/pages\/166\/revisions"}],"predecessor-version":[{"id":545,"href":"https:\/\/www.tricks.com.br\/blog\/wp-json\/wp\/v2\/pages\/166\/revisions\/545"}],"wp:attachment":[{"href":"https:\/\/www.tricks.com.br\/blog\/wp-json\/wp\/v2\/media?parent=166"}],"curies":[{"name":"wp","href":"https:\/\/api.w.org\/{rel}","templated":true}]}}